{"id":7,"date":"2023-03-02T20:42:52","date_gmt":"2023-03-02T20:42:52","guid":{"rendered":"https:\/\/smart.comfortel.pl\/?page_id=7"},"modified":"2024-02-06T09:32:21","modified_gmt":"2024-02-06T09:32:21","slug":"home","status":"publish","type":"page","link":"https:\/\/smart.comfortel.pl\/","title":{"rendered":"Home"},"content":{"rendered":"<p><img decoding=\"async\" src=\"https:\/\/smart.comfortel.pl\/wp-content\/uploads\/2024\/02\/30lat-logo-zlote.svg\" title=\"30lat-logo-zlote\" alt=\"30lat-logo-zlote\" loading=\"lazy\" \/>\t\t\t\t\t\t\t\t\t\t\t\t\t\t\t<\/p>\n<ul>\n<li>\n\t\t\t\t\t\t\t\t\t\t\t<a href=\"tel:+48322180280\"><br \/>\n\t\t\t\t\t\t\t<svg aria-hidden=\"true\" viewBox=\"0 0 512 512\" xmlns=\"http:\/\/www.w3.org\/2000\/svg\"><path d=\"M497.39 361.8l-112-48a24 24 0 0 0-28 6.9l-49.6 60.6A370.66 370.66 0 0 1 130.6 204.11l60.6-49.6a23.94 23.94 0 0 0 6.9-28l-48-112A24.16 24.16 0 0 0 122.6.61l-104 24A24 24 0 0 0 0 48c0 256.5 207.9 464 464 464a24 24 0 0 0 23.4-18.6l24-104a24.29 24.29 0 0 0-14.01-27.6z\"><\/path><\/svg><br \/>\n\t\t\t\t\t\t\t\t\t\tZADZWO\u0143: +48 32 218 02 80<br \/>\n\t\t\t\t\t\t\t\t\t\t\t<\/a>\n\t\t\t\t\t\t\t\t\t<\/li>\n<\/ul>\n<h1>SMART<br \/>\n<\/h1>\n<ul>\n<li>\n\t\t\t\t\t\t\t\t\t\tComfortel.pl\n\t\t\t\t\t\t\t\t\t<\/li>\n<li>\n\t\t\t\t\t\t\t\t\t\tRozwi\u0105zania\n\t\t\t\t\t\t\t\t\t<\/li>\n<li>\n\t\t\t\t\t\t\t\t\t\t<b>SMART<\/b>\n\t\t\t\t\t\t\t\t\t<\/li>\n<\/ul>\n<h2>SYSTEM MONITOROWANIA AKTYWNO\u015aCI I RACJONALIZACJI TRENINGU.<br \/>\n SMART<br \/>\n<\/h2>\n<p><strong>Tytu\u0142 projektu:<\/strong> SMART \u2013 system monitorowania aktywno\u015bci i racjonalizacji treningu<\/p>\n<p><strong>Cele projektu:<\/strong> Opracowanie innowacyjnego systemu monitorowania aktywno\u015bci i racjonalizacji treningu SMART obejmuj\u0105cego:<\/p>\n<ul>\n<li>\n\t\t\t\t\t\t\t<svg aria-hidden=\"true\" viewBox=\"0 0 512 512\" xmlns=\"http:\/\/www.w3.org\/2000\/svg\"><path d=\"M173.898 439.404l-166.4-166.4c-9.997-9.997-9.997-26.206 0-36.204l36.203-36.204c9.997-9.998 26.207-9.998 36.204 0L192 312.69 432.095 72.596c9.997-9.997 26.207-9.997 36.204 0l36.203 36.204c9.997 9.997 9.997 26.206 0 36.204l-294.4 294.401c-9.998 9.997-26.207 9.997-36.204-.001z\"><\/path><\/svg><br \/>\n\t\t\t\t\t\t\t\t\t\tsystem monitorowania aktywno\u015bci kinetycznej SMA-K,\n\t\t\t\t\t\t\t\t\t<\/li>\n<li>\n\t\t\t\t\t\t\t<svg aria-hidden=\"true\" viewBox=\"0 0 512 512\" xmlns=\"http:\/\/www.w3.org\/2000\/svg\"><path d=\"M173.898 439.404l-166.4-166.4c-9.997-9.997-9.997-26.206 0-36.204l36.203-36.204c9.997-9.998 26.207-9.998 36.204 0L192 312.69 432.095 72.596c9.997-9.997 26.207-9.997 36.204 0l36.203 36.204c9.997 9.997 9.997 26.206 0 36.204l-294.4 294.401c-9.998 9.997-26.207 9.997-36.204-.001z\"><\/path><\/svg><br \/>\n\t\t\t\t\t\t\t\t\t\tsystem nieinwazyjnego monitorowania parametr\u00f3w fizjologicznych i ruchowych SMA-X\n\t\t\t\t\t\t\t\t\t<\/li>\n<li>\n\t\t\t\t\t\t\t<svg aria-hidden=\"true\" viewBox=\"0 0 512 512\" xmlns=\"http:\/\/www.w3.org\/2000\/svg\"><path d=\"M173.898 439.404l-166.4-166.4c-9.997-9.997-9.997-26.206 0-36.204l36.203-36.204c9.997-9.998 26.207-9.998 36.204 0L192 312.69 432.095 72.596c9.997-9.997 26.207-9.997 36.204 0l36.203 36.204c9.997 9.997 9.997 26.206 0 36.204l-294.4 294.401c-9.998 9.997-26.207 9.997-36.204-.001z\"><\/path><\/svg><br \/>\n\t\t\t\t\t\t\t\t\t\tkompleksowy system monitorowania aktywno\u015bci i racjonalizacji treningu SMA-RT\n\t\t\t\t\t\t\t\t\t<\/li>\n<\/ul>\n<p><strong>Efektem projektu SMART b\u0119dzie ukierunkowany na aktywizacj\u0119 ruchow\u0105 system monitorowania aktywno\u015bci i racjonalizacji treningu z wykorzystaniem spersonalizowanego algorytmu optymalizacji bezpiecznego wysi\u0142ku fizycznego o charakterze fizjoprofilaktyki.<\/strong><\/p>\n<h3>Partnerzy projektu:<br \/>\n<\/h3>\n<ul>\n<li>\n\t\t\t\t\t\t\t<svg aria-hidden=\"true\" viewBox=\"0 0 512 512\" xmlns=\"http:\/\/www.w3.org\/2000\/svg\"><path d=\"M173.898 439.404l-166.4-166.4c-9.997-9.997-9.997-26.206 0-36.204l36.203-36.204c9.997-9.998 26.207-9.998 36.204 0L192 312.69 432.095 72.596c9.997-9.997 26.207-9.997 36.204 0l36.203 36.204c9.997 9.997 9.997 26.206 0 36.204l-294.4 294.401c-9.998 9.997-26.207 9.997-36.204-.001z\"><\/path><\/svg><br \/>\n\t\t\t\t\t\t\t\t\t\tPolitechnika \u015al\u0105ska\n\t\t\t\t\t\t\t\t\t<\/li>\n<li>\n\t\t\t\t\t\t\t<svg aria-hidden=\"true\" viewBox=\"0 0 512 512\" xmlns=\"http:\/\/www.w3.org\/2000\/svg\"><path d=\"M173.898 439.404l-166.4-166.4c-9.997-9.997-9.997-26.206 0-36.204l36.203-36.204c9.997-9.998 26.207-9.998 36.204 0L192 312.69 432.095 72.596c9.997-9.997 26.207-9.997 36.204 0l36.203 36.204c9.997 9.997 9.997 26.206 0 36.204l-294.4 294.401c-9.998 9.997-26.207 9.997-36.204-.001z\"><\/path><\/svg><br \/>\n\t\t\t\t\t\t\t\t\t\tInstytut Ekologii Teren\u00f3w Uprzemys\u0142owionych\n\t\t\t\t\t\t\t\t\t<\/li>\n<li>\n\t\t\t\t\t\t\t<svg aria-hidden=\"true\" viewBox=\"0 0 512 512\" xmlns=\"http:\/\/www.w3.org\/2000\/svg\"><path d=\"M173.898 439.404l-166.4-166.4c-9.997-9.997-9.997-26.206 0-36.204l36.203-36.204c9.997-9.998 26.207-9.998 36.204 0L192 312.69 432.095 72.596c9.997-9.997 26.207-9.997 36.204 0l36.203 36.204c9.997 9.997 9.997 26.206 0 36.204l-294.4 294.401c-9.998 9.997-26.207 9.997-36.204-.001z\"><\/path><\/svg><br \/>\n\t\t\t\t\t\t\t\t\t\tAkademia Wychowania Fizycznego im. Jerzego Kukuczki w Katowicach\n\t\t\t\t\t\t\t\t\t<\/li>\n<\/ul>\n<p><strong>Warto\u015b\u0107 projektu:<\/strong> 4 516 580,63 z\u0142<\/p>\n<p><strong>Warto\u015b\u0107 dofinansowania:<\/strong> 3 575 060,61 z\u0142<\/p>\n<h3>Projekt wsp\u00f3\u0142finansowany z Europejskiego Funduszu Rozwoju Regionalnego w ramach Regionalnego Programu Operacyjnego Wojew\u00f3dztwa \u015al\u0105skiego na lata 2014-2020.<br \/>\n<\/h3>\n<p>\t\t\t\t\t\t\t\t\t\t\t\t\t\t\t<img decoding=\"async\" src=\"https:\/\/smart.comfortel.pl\/wp-content\/uploads\/elementor\/thumbs\/eu-scaled-q2xtdpw0527dyrdmxueksf9wbc7th3uqr8pul7x4yc.jpg\" title=\"eu\" alt=\"Logotypy Unia Europejska - Fundusze Europejskie\" loading=\"lazy\" \/><br \/>\n\t\t\t\t\t\t\t\t\t\t\t\t\t\t\t<img decoding=\"async\" src=\"https:\/\/smart.comfortel.pl\/wp-content\/uploads\/2023\/03\/logo-footer.svg\" title=\"logo-footer\" alt=\"Logo Comfortel Szare\" loading=\"lazy\" \/>\t\t\t\t\t\t\t\t\t\t\t\t\t\t\t<\/p>\n<p><strong>COMFORTEL SP. Z O.O.<\/strong><br \/>ul. Dojazdowa 9b<br \/>43-100 Tychy<\/p>\n<p>Tel. <a href=\"tel:+48322180280\">+48 32 218 02 80<\/a><br \/>Fax. <a href=\"tel:+48322180299\">+48 32 218 02 99<\/a><br \/>E-mail: <a href=\"mailto:biuro@comfortel.pl\">biuro@comfortel.pl<\/a><\/p>\n<p><strong>Szybki kontakt<\/strong><br \/>Serwis telekomunikacja:<br \/>Tel. <a href=\"tel:+48322180484\">+48 32 218 04 84<\/a><\/p>\n<p><strong>Serwis eTERAPIA24:<\/strong><br \/>Tel. <a href=\"tel:+48322180470\">+48 32 218 04 70<\/a><br \/><a href=\"https:\/\/www.eterapia24.pl\">System eTerapia24<\/a><\/p>\n<p><strong>Serwis IT, <br \/>oprogramowanie:<\/strong><br \/>Tel. <a href=\"tel:+48322180290\">+48 32 218 02 90<\/a><\/p>\n<p>\t\t\t\t\t\t\t\t\t\t\t\t\t\t\t<img decoding=\"async\" width=\"90\" height=\"44\" src=\"https:\/\/smart.comfortel.pl\/wp-content\/uploads\/2023\/03\/logotype0.png\" alt=\"Logo URS\" loading=\"lazy\" \/><br \/>\n\t\t\t\t\t\t\t\t\t\t\t\t\t\t\t<img decoding=\"async\" width=\"115\" height=\"41\" src=\"https:\/\/smart.comfortel.pl\/wp-content\/uploads\/2023\/03\/logotype2.png\" alt=\"Logo grupa CNP\" loading=\"lazy\" \/><br \/>\n\t\t\t\t\t\t\t\t\t\t\t\t\t\t\t<img decoding=\"async\" width=\"91\" height=\"29\" src=\"https:\/\/smart.comfortel.pl\/wp-content\/uploads\/2023\/03\/logotype3.png\" alt=\"Logo KIKE\" loading=\"lazy\" \/><br \/>\n\t\t\t\t\t<a href=\"http:\/\/www.facebook.com\/ComfortelPL\" target=\"_blank\" rel=\"noopener\"><br \/>\n\t\t\t\t\t\tFacebook-f<br \/>\n\t\t\t\t\t\t<svg viewBox=\"0 0 320 512\" xmlns=\"http:\/\/www.w3.org\/2000\/svg\"><path d=\"M279.14 288l14.22-92.66h-88.91v-60.13c0-25.35 12.42-50.06 52.24-50.06h40.42V6.26S260.43 0 225.36 0c-73.22 0-121.08 44.38-121.08 124.72v70.62H22.89V288h81.39v224h100.17V288z\"><\/path><\/svg>\t\t\t\t\t<\/a><br \/>\n\t\t\t\t\t<a href=\"https:\/\/www.linkedin.com\/company\/comfortel\" target=\"_blank\" rel=\"noopener\"><br \/>\n\t\t\t\t\t\tLinkedin-in<br \/>\n\t\t\t\t\t\t<svg viewBox=\"0 0 448 512\" xmlns=\"http:\/\/www.w3.org\/2000\/svg\"><path d=\"M100.28 448H7.4V148.9h92.88zM53.79 108.1C24.09 108.1 0 83.5 0 53.8a53.79 53.79 0 0 1 107.58 0c0 29.7-24.1 54.3-53.79 54.3zM447.9 448h-92.68V302.4c0-34.7-.7-79.2-48.29-79.2-48.29 0-55.69 37.7-55.69 76.7V448h-92.78V148.9h89.08v40.8h1.3c12.4-23.5 42.69-48.3 87.88-48.3 94 0 111.28 61.9 111.28 142.3V448z\"><\/path><\/svg>\t\t\t\t\t<\/a><br \/>\n\t\t\t\t\t<a href=\"https:\/\/www.youtube.com\/channel\/UCr6qIpOruTvGV_mlT3332vQ\" target=\"_blank\" rel=\"noopener\"><br \/>\n\t\t\t\t\t\tYoutube<br \/>\n\t\t\t\t\t\t<svg viewBox=\"0 0 576 512\" xmlns=\"http:\/\/www.w3.org\/2000\/svg\"><path d=\"M549.655 124.083c-6.281-23.65-24.787-42.276-48.284-48.597C458.781 64 288 64 288 64S117.22 64 74.629 75.486c-23.497 6.322-42.003 24.947-48.284 48.597-11.412 42.867-11.412 132.305-11.412 132.305s0 89.438 11.412 132.305c6.281 23.65 24.787 41.5 48.284 47.821C117.22 448 288 448 288 448s170.78 0 213.371-11.486c23.497-6.321 42.003-24.171 48.284-47.821 11.412-42.867 11.412-132.305 11.412-132.305s0-89.438-11.412-132.305zm-317.51 213.508V175.185l142.739 81.205-142.739 81.201z\"><\/path><\/svg>\t\t\t\t\t<\/a><\/p>\n<h2>Copyright \u00a9 2023 COMFORTEL &#8211; Systemy telekomunikacyjne<br \/>\n<\/h2>\n","protected":false},"excerpt":{"rendered":"<p>ZADZWO\u0143: +48 32 218 02 80 SMART Comfortel.pl Rozwi\u0105zania SMART SYSTEM MONITOROWANIA AKTYWNO\u015aCI I RACJONALIZACJI TRENINGU. SMART Tytu\u0142 projektu: SMART \u2013 system monitorowania aktywno\u015bci i racjonalizacji treningu Cele projektu: Opracowanie innowacyjnego systemu monitorowania aktywno\u015bci i racjonalizacji treningu SMART obejmuj\u0105cego: system monitorowania aktywno\u015bci kinetycznej SMA-K, system nieinwazyjnego monitorowania parametr\u00f3w fizjologicznych i ruchowych SMA-X kompleksowy system monitorowania [&hellip;]<\/p>\n","protected":false},"author":1,"featured_media":0,"parent":0,"menu_order":0,"comment_status":"closed","ping_status":"closed","template":"elementor_canvas","meta":[],"_links":{"self":[{"href":"https:\/\/smart.comfortel.pl\/index.php?rest_route=\/wp\/v2\/pages\/7"}],"collection":[{"href":"https:\/\/smart.comfortel.pl\/index.php?rest_route=\/wp\/v2\/pages"}],"about":[{"href":"https:\/\/smart.comfortel.pl\/index.php?rest_route=\/wp\/v2\/types\/page"}],"author":[{"embeddable":true,"href":"https:\/\/smart.comfortel.pl\/index.php?rest_route=\/wp\/v2\/users\/1"}],"replies":[{"embeddable":true,"href":"https:\/\/smart.comfortel.pl\/index.php?rest_route=%2Fwp%2Fv2%2Fcomments&post=7"}],"version-history":[{"count":109,"href":"https:\/\/smart.comfortel.pl\/index.php?rest_route=\/wp\/v2\/pages\/7\/revisions"}],"predecessor-version":[{"id":175,"href":"https:\/\/smart.comfortel.pl\/index.php?rest_route=\/wp\/v2\/pages\/7\/revisions\/175"}],"wp:attachment":[{"href":"https:\/\/smart.comfortel.pl\/index.php?rest_route=%2Fwp%2Fv2%2Fmedia&parent=7"}],"curies":[{"name":"wp","href":"https:\/\/api.w.org\/{rel}","templated":true}]}}